{"id":190,"date":"2015-06-17T06:25:26","date_gmt":"2015-06-17T06:25:26","guid":{"rendered":"http:\/\/demo.themegrill.com\/colormag\/?page_id=190"},"modified":"2024-08-21T18:45:39","modified_gmt":"2024-08-21T18:45:39","slug":"roze-rozancowe-2","status":"publish","type":"page","link":"https:\/\/www.chrzescijanskieveto.pl\/index.php\/roze-rozancowe-2\/","title":{"rendered":"CHRZE\u015aCIJA\u0143SKIE R\u00d3\u017bE"},"content":{"rendered":"\n<figure class=\"wp-block-image aligncenter size-large is-resized\"><img loading=\"lazy\" decoding=\"async\" width=\"707\" height=\"1024\" src=\"http:\/\/www.chrzescijanskieveto.pl\/wp-content\/uploads\/2024\/02\/418363851_921613123018122_5613140285313250311_n-707x1024.jpg\" alt=\"\" class=\"wp-image-710\" style=\"width:403px;height:auto\" srcset=\"https:\/\/www.chrzescijanskieveto.pl\/wp-content\/uploads\/2024\/02\/418363851_921613123018122_5613140285313250311_n-707x1024.jpg 707w, https:\/\/www.chrzescijanskieveto.pl\/wp-content\/uploads\/2024\/02\/418363851_921613123018122_5613140285313250311_n-207x300.jpg 207w, https:\/\/www.chrzescijanskieveto.pl\/wp-content\/uploads\/2024\/02\/418363851_921613123018122_5613140285313250311_n-768x1112.jpg 768w, https:\/\/www.chrzescijanskieveto.pl\/wp-content\/uploads\/2024\/02\/418363851_921613123018122_5613140285313250311_n-1061x1536.jpg 1061w, https:\/\/www.chrzescijanskieveto.pl\/wp-content\/uploads\/2024\/02\/418363851_921613123018122_5613140285313250311_n.jpg 1414w\" sizes=\"auto, (max-width: 707px) 100vw, 707px\" \/><\/figure>\n\n\n\n<p>Je\u015bli&nbsp;<strong>chcesz si\u0119 w\u0142\u0105czy\u0107 do Walki Duchowej<\/strong>&nbsp;o&nbsp;<strong>Chrze\u015bcija\u0144sk\u0105 Polsk\u0119<\/strong>&nbsp;zapisz si\u0119 do naszych&nbsp;<strong>Chrze\u015bcija\u0144skich R\u00d3\u017b<\/strong>.<\/p>\n\n\n\n<p><strong>R\u00f3\u017ca R\u00f3\u017ca\u0144cowa<\/strong> \u2014 co to jest?<\/p>\n\n\n\n<p>Mianem tym okre\u015bla si\u0119&nbsp;wsp\u00f3lnot\u0119 20 os\u00f3b, z kt\u00f3rych ka\u017cda odmawia codziennie jedn\u0105 dziesi\u0105tk\u0119 R\u00f3\u017ca\u0144ca \u015awi\u0119tego w wybranej intencji i tajemnicy. Najcz\u0119\u015bciej po\u0142\u0105czona jest ona z rozwa\u017caniem. W ten spos\u00f3b ka\u017cdego dnia odmawiany jest ca\u0142y R\u00f3\u017caniec.<\/p>\n\n\n\n<p>Modlimy si\u0119 w intencji:<\/p>\n\n\n\n<p><strong><em>\u201eNiepokalanemu Sercu Maryi za zniewagi i blu\u017anierstwa przeciwko Matce Bo\u017cej i profanacje \u015bwi\u0119tych symboli religijnych w przestrzeni \u017cycia publicznego w naszej Ojczy\u017anie<\/em>.\u201d<\/strong><\/p>\n\n\n\n<p>Je\u015bli chcia\u0142by\u015b podj\u0105\u0107 tak\u0105 modlitw\u0119 prosimy napisz:<\/p>\n\n\n\n<p><a href=\"mailto:chrzescijanskieroze@gmail.com\">chrzescijanskieroze@gmail.com<\/a><\/p>\n\n\n\n<p>Otrzymasz od nas <strong>wszelkie instrukcje i informacje <\/strong>w jaki spos\u00f3b si\u0119 modli\u0107 w R\u00f3\u017cy R\u00f3\u017cancowej.<br>Co miesi\u0105c otrzymasz <strong>aktualizacj\u0119 zmiany tajemnic<\/strong> Ro\u017ca\u0144ca \u015awi\u0119tego<\/p>\n\n\n\n<p>Serdecznie zapraszamy<\/p>\n","protected":false},"excerpt":{"rendered":"<p>Je\u015bli&nbsp;chcesz si\u0119 w\u0142\u0105czy\u0107 do Walki Duchowej&nbsp;o&nbsp;Chrze\u015bcija\u0144sk\u0105 Polsk\u0119&nbsp;zapisz si\u0119 do naszych&nbsp;Chrze\u015bcija\u0144skich R\u00d3\u017b. R\u00f3\u017ca R\u00f3\u017ca\u0144cowa \u2014 co to jest? Mianem tym okre\u015bla<\/p>\n","protected":false},"author":1,"featured_media":0,"parent":0,"menu_order":0,"comment_status":"closed","ping_status":"closed","template":"","meta":{"_bbp_topic_count":0,"_bbp_reply_count":0,"_bbp_total_topic_count":0,"_bbp_total_reply_count":0,"_bbp_voice_count":0,"_bbp_anonymous_reply_count":0,"_bbp_topic_count_hidden":0,"_bbp_reply_count_hidden":0,"_bbp_forum_subforum_count":0,"footnotes":""},"class_list":["post-190","page","type-page","status-publish","hentry"],"_links":{"self":[{"href":"https:\/\/www.chrzescijanskieveto.pl\/index.php\/wp-json\/wp\/v2\/pages\/190","targetHints":{"allow":["GET"]}}],"collection":[{"href":"https:\/\/www.chrzescijanskieveto.pl\/index.php\/wp-json\/wp\/v2\/pages"}],"about":[{"href":"https:\/\/www.chrzescijanskieveto.pl\/index.php\/wp-json\/wp\/v2\/types\/page"}],"author":[{"embeddable":true,"href":"https:\/\/www.chrzescijanskieveto.pl\/index.php\/wp-json\/wp\/v2\/users\/1"}],"replies":[{"embeddable":true,"href":"https:\/\/www.chrzescijanskieveto.pl\/index.php\/wp-json\/wp\/v2\/comments?post=190"}],"version-history":[{"count":9,"href":"https:\/\/www.chrzescijanskieveto.pl\/index.php\/wp-json\/wp\/v2\/pages\/190\/revisions"}],"predecessor-version":[{"id":28192,"href":"https:\/\/www.chrzescijanskieveto.pl\/index.php\/wp-json\/wp\/v2\/pages\/190\/revisions\/28192"}],"wp:attachment":[{"href":"https:\/\/www.chrzescijanskieveto.pl\/index.php\/wp-json\/wp\/v2\/media?parent=190"}],"curies":[{"name":"wp","href":"https:\/\/api.w.org\/{rel}","templated":true}]}}